{"id":419,"date":"2020-07-20T00:13:40","date_gmt":"2020-07-19T23:13:40","guid":{"rendered":"http:\/\/aaabogados.es\/?page_id=419"},"modified":"2020-07-30T23:13:04","modified_gmt":"2020-07-30T22:13:04","slug":"areas","status":"publish","type":"page","link":"http:\/\/aaabogados.es\/?page_id=419","title":{"rendered":"\u00c1reas"},"content":{"rendered":"\t\t<div data-elementor-type=\"wp-page\" data-elementor-id=\"419\" class=\"elementor elementor-419\" data-elementor-settings=\"[]\">\n\t\t\t\t\t\t<div class=\"elementor-inner\">\n\t\t\t\t\t\t\t<div class=\"elementor-section-wrap\">\n\t\t\t\t\t\t\t<section class=\"elementor-section elementor-top-section elementor-element elementor-element-ce05181 elementor-section-boxed elementor-section-height-default elementor-section-height-default\" data-id=\"ce05181\" data-element_type=\"section\">\n\t\t\t\t\t\t<div class=\"elementor-container elementor-column-gap-default\">\n\t\t\t\t\t\t\t<div class=\"elementor-row\">\n\t\t\t\t\t<div class=\"elementor-column elementor-col-100 elementor-top-column elementor-element elementor-element-7fadb3f\" data-id=\"7fadb3f\" data-element_type=\"column\">\n\t\t\t<div class=\"elementor-column-wrap elementor-element-populated\">\n\t\t\t\t\t\t\t<div class=\"elementor-widget-wrap\">\n\t\t\t\t\t\t<div class=\"elementor-element elementor-element-29a0213 animated-fast elementor-invisible elementor-widget elementor-widget-accordion\" data-id=\"29a0213\" data-element_type=\"widget\" data-settings=\"{&quot;_animation&quot;:&quot;pulse&quot;}\" data-widget_type=\"accordion.default\">\n\t\t\t\t<div class=\"elementor-widget-container\">\n\t\t\t\t\t<div class=\"elementor-accordion\" role=\"tablist\">\n\t\t\t\t\t\t\t<div class=\"elementor-accordion-item\">\n\t\t\t\t\t<div id=\"elementor-tab-title-4361\" class=\"elementor-tab-title\" data-tab=\"1\" role=\"tab\" aria-controls=\"elementor-tab-content-4361\">\n\t\t\t\t\t\t\t\t\t\t\t\t\t<span class=\"elementor-accordion-icon elementor-accordion-icon-left\" aria-hidden=\"true\">\n\t\t\t\t\t\t\t\t\t\t\t\t\t\t\t<span class=\"elementor-accordion-icon-closed\"><i class=\"fas fa-plus\"><\/i><\/span>\n\t\t\t\t\t\t\t\t<span class=\"elementor-accordion-icon-opened\"><i class=\"fas fa-minus\"><\/i><\/span>\n\t\t\t\t\t\t\t\t\t\t\t\t\t\t<\/span>\n\t\t\t\t\t\t\t\t\t\t\t\t<a class=\"elementor-accordion-title\" href=\"\">PROCEDIMIENTOS DE FAMILIA<\/a>\n\t\t\t\t\t<\/div>\n\t\t\t\t\t<div id=\"elementor-tab-content-4361\" class=\"elementor-tab-content elementor-clearfix\" data-tab=\"1\" role=\"tabpanel\" aria-labelledby=\"elementor-tab-title-4361\"><p><span style=\"color: #322187;\">Ofrecemos un servicio personalizado a cada cliente, dado que nos encontramos en una<\/span><\/p><p><span style=\"color: #322187;\">sociedad con una gran diversidad de modelos de familia, donde cada uno presenta<\/span><\/p><p><span style=\"color: #322187;\">grandes peculiaridades. Entre otros, estamos especializados en:<\/span><\/p><p><strong><span style=\"color: #322187;\">&#8211; Separaci\u00f3n y divorcio, tanto judicial como notarial.<\/span><\/strong><\/p><p><strong><span style=\"color: #322187;\">&#8211; Guarda, custodia y alimentos de hijos menores.<\/span><\/strong><\/p><p><strong><span style=\"color: #322187;\">&#8211; Modificaci\u00f3n de medidas.<\/span><\/strong><\/p><p><strong><span style=\"color: #322187;\">&#8211; Impago de pensiones.<\/span><\/strong><\/p><p><strong><span style=\"color: #322187;\">&#8211; Liquidaci\u00f3n de gananciales.<\/span><\/strong><\/p><\/div>\n\t\t\t\t<\/div>\n\t\t\t\t\t\t\t<div class=\"elementor-accordion-item\">\n\t\t\t\t\t<div id=\"elementor-tab-title-4362\" class=\"elementor-tab-title\" data-tab=\"2\" role=\"tab\" aria-controls=\"elementor-tab-content-4362\">\n\t\t\t\t\t\t\t\t\t\t\t\t\t<span class=\"elementor-accordion-icon elementor-accordion-icon-left\" aria-hidden=\"true\">\n\t\t\t\t\t\t\t\t\t\t\t\t\t\t\t<span class=\"elementor-accordion-icon-closed\"><i class=\"fas fa-plus\"><\/i><\/span>\n\t\t\t\t\t\t\t\t<span class=\"elementor-accordion-icon-opened\"><i class=\"fas fa-minus\"><\/i><\/span>\n\t\t\t\t\t\t\t\t\t\t\t\t\t\t<\/span>\n\t\t\t\t\t\t\t\t\t\t\t\t<a class=\"elementor-accordion-title\" href=\"\">ASESOR\u00cdA JUR\u00cdDICA, LABORAL Y FISCAL PARA EMPRESAS Y AUT\u00d3NOMOS.<\/a>\n\t\t\t\t\t<\/div>\n\t\t\t\t\t<div id=\"elementor-tab-content-4362\" class=\"elementor-tab-content elementor-clearfix\" data-tab=\"2\" role=\"tabpanel\" aria-labelledby=\"elementor-tab-title-4362\"><p><span style=\"color: #322187;\">Adem\u00e1s de ser un despacho de abogados, ofrecemos nuestros servicios como asesor\u00eda<\/span><\/p><p><span style=\"color: #322187;\">jur\u00eddica, laboral y fiscal para empresas y aut\u00f3nomos. En nuestro despacho de abogados<\/span><\/p><p><span style=\"color: #322187;\">dispondr\u00e1 de todo el asesoramiento para su empresa, benefici\u00e1ndose de tener al<\/span><\/p><p><span style=\"color: #322187;\">alcance de la mano una asesor\u00eda laboral y fiscal y, al mismo tiempo, un despacho de<\/span><\/p><p><span style=\"color: #322187;\">abogados para que, en caso de tener cualquier reclamaci\u00f3n o inspecci\u00f3n, pueda contar<\/span><\/p><p><span style=\"color: #322187;\">con grandes profesionales que le asesoren en todo momento. <\/span><\/p><p><strong><span style=\"color: #322187;\">Entre otros, nuestros <\/span><span style=\"color: #322187;\">servicios son:<\/span><\/strong><\/p><p><strong><span style=\"color: #322187;\">&#8211; Elaboraci\u00f3n y gesti\u00f3n de todo tipo de contratos laborales.<\/span><\/strong><\/p><p><strong><span style=\"color: #322187;\">&#8211; Confecci\u00f3n de n\u00f3minas, liquidaciones, pagas y finiquitos.<\/span><\/strong><\/p><p><strong><span style=\"color: #322187;\">&#8211; Elaboraci\u00f3n de Seguros sociales.<\/span><\/strong><\/p><p><strong><span style=\"color: #322187;\">&#8211; Tramitaci\u00f3n de altas, bajas, modificaci\u00f3n de datos en la Seguridad Social, partes<\/span><\/strong><\/p><p><strong><span style=\"color: #322187;\">de baja, etc.<\/span><\/strong><\/p><p><strong><span style=\"color: #322187;\">&#8211; Elaboraci\u00f3n de cartas de despido, sanciones, suspensiones de contrato y<\/span><\/strong><\/p><p><strong><span style=\"color: #322187;\">cualquier notificaci\u00f3n al trabajador.<\/span><\/strong><\/p><p><strong><span style=\"color: #322187;\">&#8211; Asesoramiento sobre convenios colectivos y legislaci\u00f3n en materia laboral.<\/span><\/strong><\/p><p><strong><span style=\"color: #322187;\">&#8211; Elaboraci\u00f3n de certificados de empresa.<\/span><\/strong><\/p><p><strong><span style=\"color: #322187;\">&#8211; Asistencia y asesoramiento ante requerimientos de inspecciones de trabajo.<\/span><\/strong><\/p><p><strong><span style=\"color: #322187;\">&#8211; Asistencia y asesoramiento ante el SEMAC o Juzgado por reclamaci\u00f3n de<\/span><\/strong><\/p><p><strong><span style=\"color: #322187;\">trabajadores.<\/span><\/strong><\/p><p><strong><span style=\"color: #322187;\">&#8211; Elaboraci\u00f3n y presentaci\u00f3n de cuantos impuestos deba presentar la empresa o<\/span><\/strong><\/p><p><strong><span style=\"color: #322187;\">aut\u00f3nomo.<\/span><\/strong><\/p><p><span style=\"color: #322187;\">\u00a0<\/span><\/p><\/div>\n\t\t\t\t<\/div>\n\t\t\t\t\t\t\t<div class=\"elementor-accordion-item\">\n\t\t\t\t\t<div id=\"elementor-tab-title-4363\" class=\"elementor-tab-title\" data-tab=\"3\" role=\"tab\" aria-controls=\"elementor-tab-content-4363\">\n\t\t\t\t\t\t\t\t\t\t\t\t\t<span class=\"elementor-accordion-icon elementor-accordion-icon-left\" aria-hidden=\"true\">\n\t\t\t\t\t\t\t\t\t\t\t\t\t\t\t<span class=\"elementor-accordion-icon-closed\"><i class=\"fas fa-plus\"><\/i><\/span>\n\t\t\t\t\t\t\t\t<span class=\"elementor-accordion-icon-opened\"><i class=\"fas fa-minus\"><\/i><\/span>\n\t\t\t\t\t\t\t\t\t\t\t\t\t\t<\/span>\n\t\t\t\t\t\t\t\t\t\t\t\t<a class=\"elementor-accordion-title\" href=\"\">PROCEDIMIENTOS LABORALES.<\/a>\n\t\t\t\t\t<\/div>\n\t\t\t\t\t<div id=\"elementor-tab-content-4363\" class=\"elementor-tab-content elementor-clearfix\" data-tab=\"3\" role=\"tabpanel\" aria-labelledby=\"elementor-tab-title-4363\"><p><span style=\"color: #322187;\">Asistimos y asesoramos a particulares y empresas ante<\/span><\/p><p><span style=\"color: #322187;\">cualquier tipo de conflicto laboral que pueda existir. Entre otros, nuestros<\/span><\/p><p><span style=\"color: #322187;\">profesionales se encargan de los siguientes tipos de procedimientos:<\/span><\/p><p><strong><span style=\"color: #322187;\">&#8211; Despidos. Indemnizaciones y finiquitos.<\/span><\/strong><\/p><p><strong><span style=\"color: #322187;\">&#8211; Sanciones laborales.<\/span><\/strong><\/p><p><strong><span style=\"color: #322187;\">&#8211; Reclamaci\u00f3n de cantidad. Estudio de n\u00f3minas a fin de comprobar si est\u00e1<\/span><\/strong><\/p><p><strong><span style=\"color: #322187;\">percibiendo el salario que le corresponde y, en caso de no ser as\u00ed, reclamarlo a<\/span><\/strong><\/p><p><strong><span style=\"color: #322187;\">la empresa.<\/span><\/strong><\/p><p><strong><span style=\"color: #322187;\">&#8211; Estudio y asesoramiento respecto de contratos laborales.<\/span><\/strong><\/p><p><strong><span style=\"color: #322187;\">&#8211; Impugnaci\u00f3n de altas m\u00e9dicas.<\/span><\/strong><\/p><p><strong><span style=\"color: #322187;\">&#8211; Solicitud de Incapacidades Permanentes, tanto ante la seguridad social como<\/span><\/strong><\/p><p><strong><span style=\"color: #322187;\">ante el Juzgado.<\/span><\/strong><\/p><p><strong><span style=\"color: #322187;\">&#8211; Expedientes de regulaci\u00f3n de empleo.<\/span><\/strong><\/p><p><strong><span style=\"color: #322187;\">&#8211; Modificaci\u00f3n sustancial de las condiciones de trabajo.<\/span><\/strong><\/p><p><strong><span style=\"color: #322187;\">&#8211; Solicitudes al FOGASA.<\/span><\/strong><\/p><\/div>\n\t\t\t\t<\/div>\n\t\t\t\t\t\t\t<div class=\"elementor-accordion-item\">\n\t\t\t\t\t<div id=\"elementor-tab-title-4364\" class=\"elementor-tab-title\" data-tab=\"4\" role=\"tab\" aria-controls=\"elementor-tab-content-4364\">\n\t\t\t\t\t\t\t\t\t\t\t\t\t<span class=\"elementor-accordion-icon elementor-accordion-icon-left\" aria-hidden=\"true\">\n\t\t\t\t\t\t\t\t\t\t\t\t\t\t\t<span class=\"elementor-accordion-icon-closed\"><i class=\"fas fa-plus\"><\/i><\/span>\n\t\t\t\t\t\t\t\t<span class=\"elementor-accordion-icon-opened\"><i class=\"fas fa-minus\"><\/i><\/span>\n\t\t\t\t\t\t\t\t\t\t\t\t\t\t<\/span>\n\t\t\t\t\t\t\t\t\t\t\t\t<a class=\"elementor-accordion-title\" href=\"\">FISCAL<\/a>\n\t\t\t\t\t<\/div>\n\t\t\t\t\t<div id=\"elementor-tab-content-4364\" class=\"elementor-tab-content elementor-clearfix\" data-tab=\"4\" role=\"tabpanel\" aria-labelledby=\"elementor-tab-title-4364\"><p><span style=\"color: #322187;\">Asesoramiento de \u00edndole fiscal y elaboraci\u00f3n de informes donde se analizan las<\/span><\/p><p><span style=\"color: #322187;\">repercusiones discales de una decisi\u00f3n o hecho planteado. Adem\u00e1s, elaboramos y<\/span><\/p><p><span style=\"color: #322187;\">presentamos todo tipo de impuestos, como son:<\/span><\/p><p><strong><span style=\"color: #322187;\">&#8211; Declaraciones de renta.<\/span><\/strong><\/p><p><strong><span style=\"color: #322187;\">&#8211; Impuesto de sociedades.<\/span><\/strong><\/p><p><strong><span style=\"color: #322187;\">&#8211; Impuesto General Indirecto Canario (IGIC).<\/span><\/strong><\/p><p><strong><span style=\"color: #322187;\">&#8211; Impuesto sobre la renta de las Personas F\u00edsicas (IRPF).<\/span><\/strong><\/p><p><strong><span style=\"color: #322187;\">&#8211; Impuesto de Actividades Econ\u00f3micas (IAE)<\/span><\/strong><\/p><p><strong><span style=\"color: #322187;\">&#8211; Recursos ante sanciones tributarias.<\/span><\/strong><\/p><\/div>\n\t\t\t\t<\/div>\n\t\t\t\t\t\t\t<div class=\"elementor-accordion-item\">\n\t\t\t\t\t<div id=\"elementor-tab-title-4365\" class=\"elementor-tab-title\" data-tab=\"5\" role=\"tab\" aria-controls=\"elementor-tab-content-4365\">\n\t\t\t\t\t\t\t\t\t\t\t\t\t<span class=\"elementor-accordion-icon elementor-accordion-icon-left\" aria-hidden=\"true\">\n\t\t\t\t\t\t\t\t\t\t\t\t\t\t\t<span class=\"elementor-accordion-icon-closed\"><i class=\"fas fa-plus\"><\/i><\/span>\n\t\t\t\t\t\t\t\t<span class=\"elementor-accordion-icon-opened\"><i class=\"fas fa-minus\"><\/i><\/span>\n\t\t\t\t\t\t\t\t\t\t\t\t\t\t<\/span>\n\t\t\t\t\t\t\t\t\t\t\t\t<a class=\"elementor-accordion-title\" href=\"\">PROCEDIMIENTOS HIPOTECARIOS<\/a>\n\t\t\t\t\t<\/div>\n\t\t\t\t\t<div id=\"elementor-tab-content-4365\" class=\"elementor-tab-content elementor-clearfix\" data-tab=\"5\" role=\"tabpanel\" aria-labelledby=\"elementor-tab-title-4365\"><p><span style=\"color: #322187;\">Tras la nueva jurisprudencia respecto de las<\/span><\/p><p><span style=\"color: #322187;\">cl\u00e1usulas abusivas, podemos reclamar determinados importes que la entidad<\/span><\/p><p><span style=\"color: #322187;\">financiera le ha cobrado indebidamente. De igual modo, si su entidad financiera le<\/span><\/p><p><span style=\"color: #322187;\">ejecuta en base a determinadas cl\u00e1usulas que pueden considerarse abusivas, nos<\/span><\/p><p><span style=\"color: #322187;\">podemos oponer a la ejecuci\u00f3n instada por la misma. Si te encuentras en esta<\/span><\/p><p><span style=\"color: #322187;\">situaci\u00f3n o, simplemente quieres conocer si tu escritura de pr\u00e9stamo hipotecario<\/span><\/p><p><span style=\"color: #322187;\">contiene cl\u00e1usulas abusivas, no dudes en contactar con nosotros. Entre otras, estas<\/span><\/p><p><span style=\"color: #322187;\">cl\u00e1usulas abusivas son:<\/span><\/p><p><strong><span style=\"color: #322187;\">&#8211; Cl\u00e1usula suelo<\/span><\/strong><\/p><p><strong><span style=\"color: #322187;\">&#8211; Imposici\u00f3n de todos los gastos del pr\u00e9stamo hipotecario al prestatario (notar\u00eda,<\/span><\/strong><\/p><p><strong><span style=\"color: #322187;\">registro, tasaci\u00f3n y asesor\u00eda).<\/span><\/strong><\/p><p><strong><span style=\"color: #322187;\">&#8211; Vencimiento anticipado.<\/span><\/strong><\/p><p><strong><span style=\"color: #322187;\">&#8211; Inter\u00e9s de demora.<\/span><\/strong><\/p><p><strong><span style=\"color: #322187;\">&#8211; Comisi\u00f3n de reclamaci\u00f3n de posiciones deudoras vencidas.<\/span><\/strong><\/p><\/div>\n\t\t\t\t<\/div>\n\t\t\t\t\t\t\t<div class=\"elementor-accordion-item\">\n\t\t\t\t\t<div id=\"elementor-tab-title-4366\" class=\"elementor-tab-title\" data-tab=\"6\" role=\"tab\" aria-controls=\"elementor-tab-content-4366\">\n\t\t\t\t\t\t\t\t\t\t\t\t\t<span class=\"elementor-accordion-icon elementor-accordion-icon-left\" aria-hidden=\"true\">\n\t\t\t\t\t\t\t\t\t\t\t\t\t\t\t<span class=\"elementor-accordion-icon-closed\"><i class=\"fas fa-plus\"><\/i><\/span>\n\t\t\t\t\t\t\t\t<span class=\"elementor-accordion-icon-opened\"><i class=\"fas fa-minus\"><\/i><\/span>\n\t\t\t\t\t\t\t\t\t\t\t\t\t\t<\/span>\n\t\t\t\t\t\t\t\t\t\t\t\t<a class=\"elementor-accordion-title\" href=\"\">PROCEDIMIENTOS PENALES<\/a>\n\t\t\t\t\t<\/div>\n\t\t\t\t\t<div id=\"elementor-tab-content-4366\" class=\"elementor-tab-content elementor-clearfix\" data-tab=\"6\" role=\"tabpanel\" aria-labelledby=\"elementor-tab-title-4366\"><p><span style=\"color: #322187;\">Si contactas con nosotros, te pondr\u00e1s en manos de<\/span><\/p><p><span style=\"color: #322187;\">grandes profesionales con experiencia en todo tipo de procedimientos penales, entre<\/span><\/p><p><span style=\"color: #322187;\">los que podemos mencionar:<\/span><\/p><p><strong><span style=\"color: #322187;\">&#8211; Interposici\u00f3n de denuncias, tanto ante el Juzgado como ante agentes policiales.<\/span><\/strong><\/p><p><strong><span style=\"color: #322187;\">&#8211; Interposici\u00f3n de querellas.<\/span><\/strong><\/p><p><strong><span style=\"color: #322187;\">&#8211; Asistencia y defensa en Juicios por delitos leves.<\/span><\/strong><\/p><p><strong><span style=\"color: #322187;\">&#8211; Asistencia y defensa en Juicios R\u00e1pidos.<\/span><\/strong><\/p><p><strong><span style=\"color: #322187;\">&#8211; Violencia de g\u00e9nero.<\/span><\/strong><\/p><p><strong><span style=\"color: #322187;\">&#8211; Delitos de lesiones.<\/span><\/strong><\/p><p><strong><span style=\"color: #322187;\">&#8211; Delitos contra el honor.<\/span><\/strong><\/p><p><strong><span style=\"color: #322187;\">&#8211; Delitos econ\u00f3micos.<\/span><\/strong><\/p><p><strong><span style=\"color: #322187;\">&#8211; Tr\u00e1fico de drogas.<\/span><\/strong><\/p><p><strong><span style=\"color: #322187;\">&#8211; Delitos contra la seguridad vial.<\/span><\/strong><\/p><\/div>\n\t\t\t\t<\/div>\n\t\t\t\t\t\t\t<div class=\"elementor-accordion-item\">\n\t\t\t\t\t<div id=\"elementor-tab-title-4367\" class=\"elementor-tab-title\" data-tab=\"7\" role=\"tab\" aria-controls=\"elementor-tab-content-4367\">\n\t\t\t\t\t\t\t\t\t\t\t\t\t<span class=\"elementor-accordion-icon elementor-accordion-icon-left\" aria-hidden=\"true\">\n\t\t\t\t\t\t\t\t\t\t\t\t\t\t\t<span class=\"elementor-accordion-icon-closed\"><i class=\"fas fa-plus\"><\/i><\/span>\n\t\t\t\t\t\t\t\t<span class=\"elementor-accordion-icon-opened\"><i class=\"fas fa-minus\"><\/i><\/span>\n\t\t\t\t\t\t\t\t\t\t\t\t\t\t<\/span>\n\t\t\t\t\t\t\t\t\t\t\t\t<a class=\"elementor-accordion-title\" href=\"\">DERECHO PENITENCIARIO<\/a>\n\t\t\t\t\t<\/div>\n\t\t\t\t\t<div id=\"elementor-tab-content-4367\" class=\"elementor-tab-content elementor-clearfix\" data-tab=\"7\" role=\"tabpanel\" aria-labelledby=\"elementor-tab-title-4367\"><p><span style=\"color: #322187;\">Si contratas nuestros servicios, adem\u00e1s de asesorarte sobre<\/span><\/p><p><span style=\"color: #322187;\">una gran diversidad de solicitudes o recursos para obtener determinados beneficios<\/span><\/p><p><span style=\"color: #322187;\">penitenciarios, acudimos a prisi\u00f3n para dar apoyo y \u00e1nimo a nuestros clientes, as\u00ed<\/span><\/p><p><span style=\"color: #322187;\">como asesorar a familiares sobre las visitas que pueden realizar a los internos.<\/span><\/p><p><strong><span style=\"color: #322187;\">&#8211; Recursos ante denegaci\u00f3n de permisos de salida.<\/span><\/strong><\/p><p><strong><span style=\"color: #322187;\">&#8211; Solicitudes de clasificaci\u00f3n y progresi\u00f3n en grado.<\/span><\/strong><\/p><p><strong><span style=\"color: #322187;\">&#8211; Recursos ante denegaci\u00f3n de progresi\u00f3n de grado.<\/span><\/strong><\/p><p><strong><span style=\"color: #322187;\">&#8211; Libertad condicional.<\/span><\/strong><\/p><p><strong><span style=\"color: #322187;\">&#8211; Comunicaciones con familiares.<\/span><\/strong><\/p><p><strong><span style=\"color: #322187;\">&#8211; R\u00e9gimen disciplinario.<\/span><\/strong><\/p><\/div>\n\t\t\t\t<\/div>\n\t\t\t\t\t\t\t<div class=\"elementor-accordion-item\">\n\t\t\t\t\t<div id=\"elementor-tab-title-4368\" class=\"elementor-tab-title\" data-tab=\"8\" role=\"tab\" aria-controls=\"elementor-tab-content-4368\">\n\t\t\t\t\t\t\t\t\t\t\t\t\t<span class=\"elementor-accordion-icon elementor-accordion-icon-left\" aria-hidden=\"true\">\n\t\t\t\t\t\t\t\t\t\t\t\t\t\t\t<span class=\"elementor-accordion-icon-closed\"><i class=\"fas fa-plus\"><\/i><\/span>\n\t\t\t\t\t\t\t\t<span class=\"elementor-accordion-icon-opened\"><i class=\"fas fa-minus\"><\/i><\/span>\n\t\t\t\t\t\t\t\t\t\t\t\t\t\t<\/span>\n\t\t\t\t\t\t\t\t\t\t\t\t<a class=\"elementor-accordion-title\" href=\"\">CIVIL<\/a>\n\t\t\t\t\t<\/div>\n\t\t\t\t\t<div id=\"elementor-tab-content-4368\" class=\"elementor-tab-content elementor-clearfix\" data-tab=\"8\" role=\"tabpanel\" aria-labelledby=\"elementor-tab-title-4368\"><p><span style=\"color: #322187;\">Nuestros profesionales abarcan numerosos aspectos civiles, como son:<\/span><\/p><p><strong><span style=\"color: #322187;\">&#8211; Redacci\u00f3n o revisi\u00f3n de todo tipo de contratos (arrendamientos, compraventa,<\/span><\/strong><\/p><p><strong><span style=\"color: #322187;\">arras, pr\u00e9stamos, etc.).<\/span><\/strong><\/p><p><strong><span style=\"color: #322187;\">&#8211; Asesoramiento y tramitaci\u00f3n para la elaboraci\u00f3n de escrituras notariales de<\/span><\/strong><\/p><p><strong><span style=\"color: #322187;\">todo tipo (compraventa, pr\u00e9stamos, reconocimientos de deuda, poderes<\/span><\/strong><\/p><p><strong><span style=\"color: #322187;\">notariales, actas de manifestaciones, obras nuevas, divisi\u00f3n horizontal, etc.).<\/span><\/strong><\/p><p><strong><span style=\"color: #322187;\">&#8211; Asesoramiento y defensa en Herencias, tanto notariales como judiciales en<\/span><\/strong><\/p><p><strong><span style=\"color: #322187;\">caso de no existir acuerdo entre los herederos.<\/span><\/strong><\/p><p><strong><span style=\"color: #322187;\">&#8211; Desahucios.<\/span><\/strong><\/p><p><strong><span style=\"color: #322187;\">&#8211; Incapacidad y nombramiento de tutor.<\/span><\/strong><\/p><p><strong><span style=\"color: #322187;\">&#8211; Procedimiento de divisi\u00f3n de bienes pro-indiviso (subastas).<\/span><\/strong><\/p><p><strong><span style=\"color: #322187;\">&#8211; Reclamaci\u00f3n de deudas, impagos y cantidades.<\/span><\/strong><\/p><p><strong><span style=\"color: #322187;\">&#8211; Resoluci\u00f3n de contratos por incumplimiento.<\/span><\/strong><\/p><p><strong><span style=\"color: #322187;\">&#8211; Expedientes de dominio, tanto notariales como judiciales.<\/span><\/strong><\/p><p><strong><span style=\"color: #322187;\">&#8211; Indemnizaciones por da\u00f1os y perjuicios.<\/span><\/strong><\/p><p><strong><span style=\"color: #322187;\">&#8211; Defensa en todo tipo de procedimientos civiles.<\/span><\/strong><\/p><\/div>\n\t\t\t\t<\/div>\n\t\t\t\t\t<\/div>\n\t\t\t\t<\/div>\n\t\t\t\t<\/div>\n\t\t\t\t\t\t<\/div>\n\t\t\t\t\t<\/div>\n\t\t<\/div>\n\t\t\t\t\t\t\t\t<\/div>\n\t\t\t\t\t<\/div>\n\t\t<\/section>\n\t\t\t\t\t\t<\/div>\n\t\t\t\t\t\t<\/div>\n\t\t\t\t\t<\/div>\n\t\t","protected":false},"excerpt":{"rendered":"<p>PROCEDIMIENTOS DE FAMILIA Ofrecemos un servicio personalizado a cada cliente, dado que nos encontramos en una sociedad con una gran diversidad de modelos de familia, donde cada uno presenta grandes peculiaridades. Entre otros, estamos especializados en: &#8211; Separaci\u00f3n y divorcio, tanto judicial como notarial. &#8211; Guarda, custodia y alimentos de hijos menores. &#8211; Modificaci\u00f3n de&hellip; <br \/> <a class=\"read-more\" href=\"http:\/\/aaabogados.es\/?page_id=419\">Leer m\u00e1s<\/a><\/p>\n","protected":false},"author":2,"featured_media":0,"parent":0,"menu_order":0,"comment_status":"closed","ping_status":"closed","template":"","meta":[],"_links":{"self":[{"href":"http:\/\/aaabogados.es\/index.php?rest_route=\/wp\/v2\/pages\/419"}],"collection":[{"href":"http:\/\/aaabogados.es\/index.php?rest_route=\/wp\/v2\/pages"}],"about":[{"href":"http:\/\/aaabogados.es\/index.php?rest_route=\/wp\/v2\/types\/page"}],"author":[{"embeddable":true,"href":"http:\/\/aaabogados.es\/index.php?rest_route=\/wp\/v2\/users\/2"}],"replies":[{"embeddable":true,"href":"http:\/\/aaabogados.es\/index.php?rest_route=%2Fwp%2Fv2%2Fcomments&post=419"}],"version-history":[{"count":9,"href":"http:\/\/aaabogados.es\/index.php?rest_route=\/wp\/v2\/pages\/419\/revisions"}],"predecessor-version":[{"id":553,"href":"http:\/\/aaabogados.es\/index.php?rest_route=\/wp\/v2\/pages\/419\/revisions\/553"}],"wp:attachment":[{"href":"http:\/\/aaabogados.es\/index.php?rest_route=%2Fwp%2Fv2%2Fmedia&parent=419"}],"curies":[{"name":"wp","href":"https:\/\/api.w.org\/{rel}","templated":true}]}}