{"id":421,"date":"2020-07-20T00:14:53","date_gmt":"2020-07-19T23:14:53","guid":{"rendered":"http:\/\/aaabogados.es\/?page_id=421"},"modified":"2020-08-28T20:44:26","modified_gmt":"2020-08-28T19:44:26","slug":"equipo","status":"publish","type":"page","link":"http:\/\/aaabogados.es\/?page_id=421","title":{"rendered":"Equipo"},"content":{"rendered":"\t\t<div data-elementor-type=\"wp-page\" data-elementor-id=\"421\" class=\"elementor elementor-421\" data-elementor-settings=\"[]\">\n\t\t\t\t\t\t<div class=\"elementor-inner\">\n\t\t\t\t\t\t\t<div class=\"elementor-section-wrap\">\n\t\t\t\t\t\t\t<section class=\"elementor-section elementor-top-section elementor-element elementor-element-9ee00d8 elementor-section-boxed elementor-section-height-default elementor-section-height-default\" data-id=\"9ee00d8\" data-element_type=\"section\">\n\t\t\t\t\t\t<div class=\"elementor-container elementor-column-gap-default\">\n\t\t\t\t\t\t\t<div class=\"elementor-row\">\n\t\t\t\t\t<div class=\"elementor-column elementor-col-50 elementor-top-column elementor-element elementor-element-b258214\" data-id=\"b258214\" data-element_type=\"column\">\n\t\t\t<div class=\"elementor-column-wrap elementor-element-populated\">\n\t\t\t\t\t\t\t<div class=\"elementor-widget-wrap\">\n\t\t\t\t\t\t<div class=\"elementor-element elementor-element-726c62d elementor-invisible elementor-widget elementor-widget-image\" data-id=\"726c62d\" data-element_type=\"widget\" data-settings=\"{&quot;_animation&quot;:&quot;fadeIn&quot;}\" data-widget_type=\"image.default\">\n\t\t\t\t<div class=\"elementor-widget-container\">\n\t\t\t\t\t<div class=\"elementor-image\">\n\t\t\t\t\t\t\t\t\t\t<img width=\"768\" height=\"768\" src=\"http:\/\/aaabogados.es\/wp-content\/uploads\/2020\/07\/Adolfo-768x768.jpg\" class=\"attachment-medium_large size-medium_large\" alt=\"Adolfo\" loading=\"lazy\" srcset=\"http:\/\/aaabogados.es\/wp-content\/uploads\/2020\/07\/Adolfo-768x768.jpg 768w, http:\/\/aaabogados.es\/wp-content\/uploads\/2020\/07\/Adolfo-300x300.jpg 300w, http:\/\/aaabogados.es\/wp-content\/uploads\/2020\/07\/Adolfo-1024x1024.jpg 1024w, http:\/\/aaabogados.es\/wp-content\/uploads\/2020\/07\/Adolfo-150x150.jpg 150w\" sizes=\"(max-width: 768px) 100vw, 768px\" \/>\t\t\t\t\t\t\t\t\t\t\t<\/div>\n\t\t\t\t<\/div>\n\t\t\t\t<\/div>\n\t\t\t\t\t\t<\/div>\n\t\t\t\t\t<\/div>\n\t\t<\/div>\n\t\t\t\t<div class=\"elementor-column elementor-col-50 elementor-top-column elementor-element elementor-element-ad50210\" data-id=\"ad50210\" data-element_type=\"column\">\n\t\t\t<div class=\"elementor-column-wrap elementor-element-populated\">\n\t\t\t\t\t\t\t<div class=\"elementor-widget-wrap\">\n\t\t\t\t\t\t<div class=\"elementor-element elementor-element-b0b59d5 elementor-invisible elementor-widget elementor-widget-text-editor\" data-id=\"b0b59d5\" data-element_type=\"widget\" data-settings=\"{&quot;_animation&quot;:&quot;fadeIn&quot;}\" data-widget_type=\"text-editor.default\">\n\t\t\t\t<div class=\"elementor-widget-container\">\n\t\t\t\t\t<div class=\"elementor-text-editor elementor-clearfix\"><p><span style=\"color: #322187;\"><strong>ADOLFO AYMAR GOD\u00d3<\/strong><\/span><\/p>\n<p><span style=\"color: #322187;\">&#8211; Socio fundador.<\/span><br><span style=\"color: #322187;\">&#8211; Amplia experiencia profesional en todos los \u00e1mbitos jur\u00eddicos. Destaca por su gran pericia en derecho fiscal y derecho de familia, habiendo obtenido&nbsp;<\/span><span style=\"color: #322187;\">pronunciamientos judiciales de gran relevancia que han provocado un cambio&nbsp;<\/span><span style=\"color: #322187;\">en las decisiones judiciales.<\/span><br><span style=\"color: #322187;\">&#8211; Formaci\u00f3n profesional:<\/span><br><span style=\"color: #322187;\">&#8211; Licenciado en Derecho por la Universidad de Barcelona.<\/span><br><span style=\"color: #322187;\">&#8211; M\u00e1ster en fiscalidad por la Universitat Oberta de Catalunya<\/span><\/p><\/div>\n\t\t\t\t<\/div>\n\t\t\t\t<\/div>\n\t\t\t\t\t\t<\/div>\n\t\t\t\t\t<\/div>\n\t\t<\/div>\n\t\t\t\t\t\t\t\t<\/div>\n\t\t\t\t\t<\/div>\n\t\t<\/section>\n\t\t\t\t<section class=\"elementor-section elementor-top-section elementor-element elementor-element-052d8ff elementor-section-boxed elementor-section-height-default elementor-section-height-default\" data-id=\"052d8ff\" data-element_type=\"section\">\n\t\t\t\t\t\t<div class=\"elementor-container elementor-column-gap-default\">\n\t\t\t\t\t\t\t<div class=\"elementor-row\">\n\t\t\t\t\t<div class=\"elementor-column elementor-col-100 elementor-top-column elementor-element elementor-element-1a51d4a\" data-id=\"1a51d4a\" data-element_type=\"column\">\n\t\t\t<div class=\"elementor-column-wrap elementor-element-populated\">\n\t\t\t\t\t\t\t<div class=\"elementor-widget-wrap\">\n\t\t\t\t\t\t<div class=\"elementor-element elementor-element-36cf045 elementor-widget elementor-widget-spacer\" data-id=\"36cf045\" data-element_type=\"widget\" data-widget_type=\"spacer.default\">\n\t\t\t\t<div class=\"elementor-widget-container\">\n\t\t\t\t\t<div class=\"elementor-spacer\">\n\t\t\t<div class=\"elementor-spacer-inner\"><\/div>\n\t\t<\/div>\n\t\t\t\t<\/div>\n\t\t\t\t<\/div>\n\t\t\t\t\t\t<\/div>\n\t\t\t\t\t<\/div>\n\t\t<\/div>\n\t\t\t\t\t\t\t\t<\/div>\n\t\t\t\t\t<\/div>\n\t\t<\/section>\n\t\t\t\t<section class=\"elementor-section elementor-top-section elementor-element elementor-element-2e649c0 elementor-section-boxed elementor-section-height-default elementor-section-height-default\" data-id=\"2e649c0\" data-element_type=\"section\">\n\t\t\t\t\t\t<div class=\"elementor-container elementor-column-gap-default\">\n\t\t\t\t\t\t\t<div class=\"elementor-row\">\n\t\t\t\t\t<div class=\"elementor-column elementor-col-50 elementor-top-column elementor-element elementor-element-c25dcfb\" data-id=\"c25dcfb\" data-element_type=\"column\">\n\t\t\t<div class=\"elementor-column-wrap elementor-element-populated\">\n\t\t\t\t\t\t\t<div class=\"elementor-widget-wrap\">\n\t\t\t\t\t\t<div class=\"elementor-element elementor-element-70a274e elementor-invisible elementor-widget elementor-widget-text-editor\" data-id=\"70a274e\" data-element_type=\"widget\" data-settings=\"{&quot;_animation&quot;:&quot;fadeIn&quot;}\" data-widget_type=\"text-editor.default\">\n\t\t\t\t<div class=\"elementor-widget-container\">\n\t\t\t\t\t<div class=\"elementor-text-editor elementor-clearfix\"><p><span style=\"color: #322187;\"><strong>AAR\u00d3N MONZ\u00d3N GUERRA<\/strong><\/span><br \/><span style=\"color: #322187;\">&#8211; Socio.<\/span><br \/><span style=\"color: #322187;\">&#8211; Cuenta con una s\u00f3lida experiencia en materia litigiosa y pr\u00e1ctica judicial de<\/span><br \/><span style=\"color: #322187;\">diversas ramas del ordenamiento jur\u00eddico. Especializado en la defensa y\u00a0<\/span><span style=\"color: #322187;\">direcci\u00f3n letrada de litigios contenciosos de naturaleza civil, laboral, penal y\u00a0<\/span><span style=\"color: #322187;\">administrativo en todo el territorio nacional y ante todas las instancias.<\/span><br \/><span style=\"color: #322187;\">&#8211; Formaci\u00f3n acad\u00e9mica:<\/span><br \/><span style=\"color: #322187;\">&#8211;\u00a0Diplomado superior en Criminolog\u00eda por la universidad de Las Palmas de\u00a0<\/span><span style=\"color: #322187;\">Gran Canaria.<\/span><br \/><span style=\"color: #322187;\">&#8211;\u00a0Grado en Derecho por la universidad de Las Palmas de Gran Canaria.<\/span><br \/><span style=\"color: #322187;\">&#8211;\u00a0M\u00e1ster en abogac\u00eda por la universidad de Las Palmas de Gran Canaria.<\/span><br \/><span style=\"color: #322187;\">&#8211;\u00a0M\u00e1ster experto en derecho sucesorio y caudales hereditarios.<\/span><br \/><span style=\"color: #322187;\">&#8211;\u00a0Curso de especializaci\u00f3n en procedimientos laborales por la escuela de\u00a0<\/span><span style=\"color: #322187;\">negocios DAR.<\/span><br \/><span style=\"color: #322187;\">&#8211;\u00a0Curso de especializaci\u00f3n en procedimientos de reclamaci\u00f3n de cl\u00e1usulas\u00a0<\/span><span style=\"color: #322187;\">abusivas por la escuela de negocios DAR.<\/span><\/p><\/div>\n\t\t\t\t<\/div>\n\t\t\t\t<\/div>\n\t\t\t\t\t\t<\/div>\n\t\t\t\t\t<\/div>\n\t\t<\/div>\n\t\t\t\t<div class=\"elementor-column elementor-col-50 elementor-top-column elementor-element elementor-element-da3f3a6\" data-id=\"da3f3a6\" data-element_type=\"column\">\n\t\t\t<div class=\"elementor-column-wrap elementor-element-populated\">\n\t\t\t\t\t\t\t<div class=\"elementor-widget-wrap\">\n\t\t\t\t\t\t<div class=\"elementor-element elementor-element-033c6d7 elementor-invisible elementor-widget elementor-widget-image\" data-id=\"033c6d7\" data-element_type=\"widget\" data-settings=\"{&quot;_animation&quot;:&quot;fadeIn&quot;}\" data-widget_type=\"image.default\">\n\t\t\t\t<div class=\"elementor-widget-container\">\n\t\t\t\t\t<div class=\"elementor-image\">\n\t\t\t\t\t\t\t\t\t\t<img width=\"768\" height=\"768\" src=\"http:\/\/aaabogados.es\/wp-content\/uploads\/2020\/07\/Aaron-1-scaled-e1596149665191-768x768.jpg\" class=\"attachment-medium_large size-medium_large\" alt=\"\" loading=\"lazy\" srcset=\"http:\/\/aaabogados.es\/wp-content\/uploads\/2020\/07\/Aaron-1-scaled-e1596149665191-768x768.jpg 768w, http:\/\/aaabogados.es\/wp-content\/uploads\/2020\/07\/Aaron-1-scaled-e1596149665191-300x300.jpg 300w, http:\/\/aaabogados.es\/wp-content\/uploads\/2020\/07\/Aaron-1-scaled-e1596149665191-1024x1023.jpg 1024w, http:\/\/aaabogados.es\/wp-content\/uploads\/2020\/07\/Aaron-1-scaled-e1596149665191-150x150.jpg 150w, http:\/\/aaabogados.es\/wp-content\/uploads\/2020\/07\/Aaron-1-scaled-e1596149665191-1536x1534.jpg 1536w, http:\/\/aaabogados.es\/wp-content\/uploads\/2020\/07\/Aaron-1-scaled-e1596149665191-1081x1080.jpg 1081w, http:\/\/aaabogados.es\/wp-content\/uploads\/2020\/07\/Aaron-1-scaled-e1596149665191.jpg 1702w\" sizes=\"(max-width: 768px) 100vw, 768px\" \/>\t\t\t\t\t\t\t\t\t\t\t<\/div>\n\t\t\t\t<\/div>\n\t\t\t\t<\/div>\n\t\t\t\t\t\t<\/div>\n\t\t\t\t\t<\/div>\n\t\t<\/div>\n\t\t\t\t\t\t\t\t<\/div>\n\t\t\t\t\t<\/div>\n\t\t<\/section>\n\t\t\t\t<section class=\"elementor-section elementor-top-section elementor-element elementor-element-b540ed5 elementor-section-boxed elementor-section-height-default elementor-section-height-default\" data-id=\"b540ed5\" data-element_type=\"section\">\n\t\t\t\t\t\t<div class=\"elementor-container elementor-column-gap-default\">\n\t\t\t\t\t\t\t<div class=\"elementor-row\">\n\t\t\t\t\t<div class=\"elementor-column elementor-col-100 elementor-top-column elementor-element elementor-element-cf835f4\" data-id=\"cf835f4\" data-element_type=\"column\">\n\t\t\t<div class=\"elementor-column-wrap elementor-element-populated\">\n\t\t\t\t\t\t\t<div class=\"elementor-widget-wrap\">\n\t\t\t\t\t\t<div class=\"elementor-element elementor-element-a9f6dda elementor-widget elementor-widget-spacer\" data-id=\"a9f6dda\" data-element_type=\"widget\" data-widget_type=\"spacer.default\">\n\t\t\t\t<div class=\"elementor-widget-container\">\n\t\t\t\t\t<div class=\"elementor-spacer\">\n\t\t\t<div class=\"elementor-spacer-inner\"><\/div>\n\t\t<\/div>\n\t\t\t\t<\/div>\n\t\t\t\t<\/div>\n\t\t\t\t\t\t<\/div>\n\t\t\t\t\t<\/div>\n\t\t<\/div>\n\t\t\t\t\t\t\t\t<\/div>\n\t\t\t\t\t<\/div>\n\t\t<\/section>\n\t\t\t\t<section class=\"elementor-section elementor-top-section elementor-element elementor-element-242a7a8 elementor-section-boxed elementor-section-height-default elementor-section-height-default\" data-id=\"242a7a8\" data-element_type=\"section\">\n\t\t\t\t\t\t<div class=\"elementor-container elementor-column-gap-default\">\n\t\t\t\t\t\t\t<div class=\"elementor-row\">\n\t\t\t\t\t<div class=\"elementor-column elementor-col-50 elementor-top-column elementor-element elementor-element-bc95866\" data-id=\"bc95866\" data-element_type=\"column\">\n\t\t\t<div class=\"elementor-column-wrap elementor-element-populated\">\n\t\t\t\t\t\t\t<div class=\"elementor-widget-wrap\">\n\t\t\t\t\t\t<div class=\"elementor-element elementor-element-6e4fecd elementor-invisible elementor-widget elementor-widget-image\" data-id=\"6e4fecd\" data-element_type=\"widget\" data-settings=\"{&quot;_animation&quot;:&quot;fadeIn&quot;}\" data-widget_type=\"image.default\">\n\t\t\t\t<div class=\"elementor-widget-container\">\n\t\t\t\t\t<div class=\"elementor-image\">\n\t\t\t\t\t\t\t\t\t\t<img width=\"768\" height=\"768\" src=\"http:\/\/aaabogados.es\/wp-content\/uploads\/2020\/07\/Cristina--scaled-e1596149579827-768x768.jpg\" class=\"attachment-medium_large size-medium_large\" alt=\"\" loading=\"lazy\" srcset=\"http:\/\/aaabogados.es\/wp-content\/uploads\/2020\/07\/Cristina--scaled-e1596149579827-768x768.jpg 768w, http:\/\/aaabogados.es\/wp-content\/uploads\/2020\/07\/Cristina--scaled-e1596149579827-300x300.jpg 300w, http:\/\/aaabogados.es\/wp-content\/uploads\/2020\/07\/Cristina--scaled-e1596149579827-1024x1025.jpg 1024w, http:\/\/aaabogados.es\/wp-content\/uploads\/2020\/07\/Cristina--scaled-e1596149579827-150x150.jpg 150w, http:\/\/aaabogados.es\/wp-content\/uploads\/2020\/07\/Cristina--scaled-e1596149579827-1534x1536.jpg 1534w, http:\/\/aaabogados.es\/wp-content\/uploads\/2020\/07\/Cristina--scaled-e1596149579827-1079x1080.jpg 1079w, http:\/\/aaabogados.es\/wp-content\/uploads\/2020\/07\/Cristina--scaled-e1596149579827.jpg 1700w\" sizes=\"(max-width: 768px) 100vw, 768px\" \/>\t\t\t\t\t\t\t\t\t\t\t<\/div>\n\t\t\t\t<\/div>\n\t\t\t\t<\/div>\n\t\t\t\t\t\t<\/div>\n\t\t\t\t\t<\/div>\n\t\t<\/div>\n\t\t\t\t<div class=\"elementor-column elementor-col-50 elementor-top-column elementor-element elementor-element-05aa893\" data-id=\"05aa893\" data-element_type=\"column\">\n\t\t\t<div class=\"elementor-column-wrap elementor-element-populated\">\n\t\t\t\t\t\t\t<div class=\"elementor-widget-wrap\">\n\t\t\t\t\t\t<div class=\"elementor-element elementor-element-4a77f7f elementor-invisible elementor-widget elementor-widget-text-editor\" data-id=\"4a77f7f\" data-element_type=\"widget\" data-settings=\"{&quot;_animation&quot;:&quot;fadeIn&quot;}\" data-widget_type=\"text-editor.default\">\n\t\t\t\t<div class=\"elementor-widget-container\">\n\t\t\t\t\t<div class=\"elementor-text-editor elementor-clearfix\"><p><span style=\"color: #322187;\"><strong>CRISTINA ALEJANDRA SOSA GUTI\u00c9RREZ<\/strong><\/span><\/p><p><span style=\"color: #322187;\">&#8211; Socia junior.<\/span><br \/><span style=\"color: #322187;\">&#8211; Dedicada principalmente a las \u00e1reas de derecho laboral y familia, tambi\u00e9n\u00a0<\/span><span style=\"color: #322187;\">desempe\u00f1a sus funciones en procedimientos civiles y penales. Gran dedicaci\u00f3n\u00a0<\/span><span style=\"color: #322187;\">y esfuerzo en satisfacer los intereses de nuestros clientes y poder\u00a0<\/span><span style=\"color: #322187;\">proporcionarles una soluci\u00f3n a cualquier problema que se les plantee.<\/span><\/p><p><span style=\"color: #322187;\">&#8211; Formaci\u00f3n acad\u00e9mica:<\/span><br \/><span style=\"color: #322187;\">&#8211; Grado en Derecho por la UNED.<\/span><br \/><span style=\"color: #322187;\">&#8211;\u00a0M\u00e1ster en Abogac\u00eda por la UNED.<\/span><br \/><span style=\"color: #322187;\">&#8211;\u00a0T\u00e9cnico superior en administraci\u00f3n y finanzas.<\/span><br \/><span style=\"color: #322187;\">&#8211;\u00a0Gesti\u00f3n de recursos humanos.<\/span><\/p><\/div>\n\t\t\t\t<\/div>\n\t\t\t\t<\/div>\n\t\t\t\t\t\t<\/div>\n\t\t\t\t\t<\/div>\n\t\t<\/div>\n\t\t\t\t\t\t\t\t<\/div>\n\t\t\t\t\t<\/div>\n\t\t<\/section>\n\t\t\t\t\t\t<\/div>\n\t\t\t\t\t\t<\/div>\n\t\t\t\t\t<\/div>\n\t\t","protected":false},"excerpt":{"rendered":"<p>ADOLFO AYMAR GOD\u00d3 &#8211; Socio fundador.&#8211; Amplia experiencia profesional en todos los \u00e1mbitos jur\u00eddicos. Destaca por su gran pericia en derecho fiscal y derecho de familia, habiendo obtenido&nbsp;pronunciamientos judiciales de gran relevancia que han provocado un cambio&nbsp;en las decisiones judiciales.&#8211; Formaci\u00f3n profesional:&#8211; Licenciado en Derecho por la Universidad de Barcelona.&#8211; M\u00e1ster en fiscalidad por la&hellip; <br \/> <a class=\"read-more\" href=\"http:\/\/aaabogados.es\/?page_id=421\">Leer m\u00e1s<\/a><\/p>\n","protected":false},"author":2,"featured_media":0,"parent":0,"menu_order":0,"comment_status":"closed","ping_status":"closed","template":"","meta":[],"_links":{"self":[{"href":"http:\/\/aaabogados.es\/index.php?rest_route=\/wp\/v2\/pages\/421"}],"collection":[{"href":"http:\/\/aaabogados.es\/index.php?rest_route=\/wp\/v2\/pages"}],"about":[{"href":"http:\/\/aaabogados.es\/index.php?rest_route=\/wp\/v2\/types\/page"}],"author":[{"embeddable":true,"href":"http:\/\/aaabogados.es\/index.php?rest_route=\/wp\/v2\/users\/2"}],"replies":[{"embeddable":true,"href":"http:\/\/aaabogados.es\/index.php?rest_route=%2Fwp%2Fv2%2Fcomments&post=421"}],"version-history":[{"count":21,"href":"http:\/\/aaabogados.es\/index.php?rest_route=\/wp\/v2\/pages\/421\/revisions"}],"predecessor-version":[{"id":584,"href":"http:\/\/aaabogados.es\/index.php?rest_route=\/wp\/v2\/pages\/421\/revisions\/584"}],"wp:attachment":[{"href":"http:\/\/aaabogados.es\/index.php?rest_route=%2Fwp%2Fv2%2Fmedia&parent=421"}],"curies":[{"name":"wp","href":"https:\/\/api.w.org\/{rel}","templated":true}]}}