{"id":488,"date":"2020-07-24T14:02:09","date_gmt":"2020-07-24T13:02:09","guid":{"rendered":"http:\/\/aaabogados.es\/?page_id=488"},"modified":"2020-07-31T00:05:50","modified_gmt":"2020-07-30T23:05:50","slug":"donde-estamos","status":"publish","type":"page","link":"http:\/\/aaabogados.es\/?page_id=488","title":{"rendered":"Donde estamos"},"content":{"rendered":"\t\t<div data-elementor-type=\"wp-page\" data-elementor-id=\"488\" class=\"elementor elementor-488\" data-elementor-settings=\"[]\">\n\t\t\t\t\t\t<div class=\"elementor-inner\">\n\t\t\t\t\t\t\t<div class=\"elementor-section-wrap\">\n\t\t\t\t\t\t\t<section class=\"elementor-section elementor-top-section elementor-element elementor-element-fafbb80 elementor-section-boxed elementor-section-height-default elementor-section-height-default\" data-id=\"fafbb80\" data-element_type=\"section\">\n\t\t\t\t\t\t<div class=\"elementor-container elementor-column-gap-default\">\n\t\t\t\t\t\t\t<div class=\"elementor-row\">\n\t\t\t\t\t<div class=\"elementor-column elementor-col-100 elementor-top-column elementor-element elementor-element-a60adde\" data-id=\"a60adde\" data-element_type=\"column\">\n\t\t\t<div class=\"elementor-column-wrap elementor-element-populated\">\n\t\t\t\t\t\t\t<div class=\"elementor-widget-wrap\">\n\t\t\t\t\t\t<div class=\"elementor-element elementor-element-8eadaeb elementor-widget elementor-widget-heading\" data-id=\"8eadaeb\" data-element_type=\"widget\" data-widget_type=\"heading.default\">\n\t\t\t\t<div class=\"elementor-widget-container\">\n\t\t\t<h2 class=\"elementor-heading-title elementor-size-default\">Ubicaci\u00f3n de nuestro Despacho<\/h2>\t\t<\/div>\n\t\t\t\t<\/div>\n\t\t\t\t<div class=\"elementor-element elementor-element-71aae65 elementor-widget elementor-widget-text-editor\" data-id=\"71aae65\" data-element_type=\"widget\" data-widget_type=\"text-editor.default\">\n\t\t\t\t<div class=\"elementor-widget-container\">\n\t\t\t\t\t<div class=\"elementor-text-editor elementor-clearfix\"><p><span style=\"color: #322187;\">Al Despacho AA Abogados se ecuentra situado en el Edificio Hermes, en Santa M\u00aa de Guia.<\/span><\/p><p><span style=\"color: #322187;\">El acceso al mismo se encuentra por la plaza de La Guardia Civil, pudiendo llegar a ella desde la propia <a href=\"https:\/\/www.google.com\/maps\/place\/Lomo+Guillen\/@28.1419304,-15.635968,19z\/data=!3m1!4b1!4m5!3m4!1s0xc40f2d477dba165:0x4fb5b5d0ff0ac99f!8m2!3d28.1419292!4d-15.6354208\"><strong>Calle<\/strong><\/a><\/span><a href=\"https:\/\/www.google.com\/maps\/place\/Lomo+Guillen\/@28.1419304,-15.635968,19z\/data=!3m1!4b1!4m5!3m4!1s0xc40f2d477dba165:0x4fb5b5d0ff0ac99f!8m2!3d28.1419292!4d-15.6354208\"><strong> Lomo Guill\u00e9n<\/strong><\/a> <span style=\"color: #322187;\">o la<\/span> <strong><a href=\"https:\/\/www.google.com\/maps\/place\/Calle+Sgto.+Primero+Tom%C3%A1s+Iglesias+C%C3%A1ceres,+35450+Gu%C3%ADa,+Las+Palmas\/@28.1411198,-15.6365633,19z\/data=!3m1!4b1!4m5!3m4!1s0xc40f2d47d6ad70f:0x3cc04913a5083f77!8m2!3d28.1411186!4d-15.6360161\">Calle Sgto. Primero Tom\u00e1s Iglesias C\u00e1ceres<\/a>.<\/strong><\/p><p><span style=\"color: #322187;\">Podr\u00e1 encontrar en la <\/span><strong><a href=\"https:\/\/www.google.com\/maps\/@28.1402895,-15.6366908,19.5z\">Calle Alcalde \u00c1ngel Trujillo Jorge<\/a><\/strong> <span style=\"color: #322187;\">un aparcamiento municipal de estacionamiento gratuito.<\/span><\/p><\/div>\n\t\t\t\t<\/div>\n\t\t\t\t<\/div>\n\t\t\t\t\t\t<\/div>\n\t\t\t\t\t<\/div>\n\t\t<\/div>\n\t\t\t\t\t\t\t\t<\/div>\n\t\t\t\t\t<\/div>\n\t\t<\/section>\n\t\t\t\t<section class=\"elementor-section elementor-top-section elementor-element elementor-element-ee9647a elementor-section-boxed elementor-section-height-default elementor-section-height-default\" data-id=\"ee9647a\" data-element_type=\"section\">\n\t\t\t\t\t\t<div class=\"elementor-container elementor-column-gap-default\">\n\t\t\t\t\t\t\t<div class=\"elementor-row\">\n\t\t\t\t\t<div class=\"elementor-column elementor-col-100 elementor-top-column elementor-element elementor-element-624d58a\" data-id=\"624d58a\" data-element_type=\"column\">\n\t\t\t<div class=\"elementor-column-wrap elementor-element-populated\">\n\t\t\t\t\t\t\t<div class=\"elementor-widget-wrap\">\n\t\t\t\t\t\t<div class=\"elementor-element elementor-element-26dd995 elementor-widget elementor-widget-google_maps\" data-id=\"26dd995\" data-element_type=\"widget\" data-widget_type=\"google_maps.default\">\n\t\t\t\t<div class=\"elementor-widget-container\">\n\t\t\t<div class=\"elementor-custom-embed\"><iframe frameborder=\"0\" scrolling=\"no\" marginheight=\"0\" marginwidth=\"0\" src=\"https:\/\/maps.google.com\/maps?q=C%2FLOMO%20GUILLEN%2C%2041%20Gu%C3%ADa%20De%20Gran%20Canaria&amp;t=m&amp;z=18&amp;output=embed&amp;iwloc=near\" title=\"C\/LOMO GUILLEN, 41 Gu\u00eda De Gran Canaria\" aria-label=\"C\/LOMO GUILLEN, 41 Gu\u00eda De Gran Canaria\"><\/iframe><\/div>\t\t<\/div>\n\t\t\t\t<\/div>\n\t\t\t\t\t\t<\/div>\n\t\t\t\t\t<\/div>\n\t\t<\/div>\n\t\t\t\t\t\t\t\t<\/div>\n\t\t\t\t\t<\/div>\n\t\t<\/section>\n\t\t\t\t\t\t<\/div>\n\t\t\t\t\t\t<\/div>\n\t\t\t\t\t<\/div>\n\t\t","protected":false},"excerpt":{"rendered":"<p>Ubicaci\u00f3n de nuestro Despacho Al Despacho AA Abogados se ecuentra situado en el Edificio Hermes, en Santa M\u00aa de Guia. El acceso al mismo se encuentra por la plaza de La Guardia Civil, pudiendo llegar a ella desde la propia Calle Lomo Guill\u00e9n o la Calle Sgto. Primero Tom\u00e1s Iglesias C\u00e1ceres. Podr\u00e1 encontrar en la&hellip; <br \/> <a class=\"read-more\" href=\"http:\/\/aaabogados.es\/?page_id=488\">Leer m\u00e1s<\/a><\/p>\n","protected":false},"author":2,"featured_media":0,"parent":0,"menu_order":0,"comment_status":"closed","ping_status":"closed","template":"","meta":[],"_links":{"self":[{"href":"http:\/\/aaabogados.es\/index.php?rest_route=\/wp\/v2\/pages\/488"}],"collection":[{"href":"http:\/\/aaabogados.es\/index.php?rest_route=\/wp\/v2\/pages"}],"about":[{"href":"http:\/\/aaabogados.es\/index.php?rest_route=\/wp\/v2\/types\/page"}],"author":[{"embeddable":true,"href":"http:\/\/aaabogados.es\/index.php?rest_route=\/wp\/v2\/users\/2"}],"replies":[{"embeddable":true,"href":"http:\/\/aaabogados.es\/index.php?rest_route=%2Fwp%2Fv2%2Fcomments&post=488"}],"version-history":[{"count":5,"href":"http:\/\/aaabogados.es\/index.php?rest_route=\/wp\/v2\/pages\/488\/revisions"}],"predecessor-version":[{"id":570,"href":"http:\/\/aaabogados.es\/index.php?rest_route=\/wp\/v2\/pages\/488\/revisions\/570"}],"wp:attachment":[{"href":"http:\/\/aaabogados.es\/index.php?rest_route=%2Fwp%2Fv2%2Fmedia&parent=488"}],"curies":[{"name":"wp","href":"https:\/\/api.w.org\/{rel}","templated":true}]}}